{"id":99,"date":"2024-06-17T08:42:39","date_gmt":"2024-06-17T08:42:39","guid":{"rendered":"http:\/\/akmensbaltija.lv\/?page_id=99"},"modified":"2025-08-14T16:14:16","modified_gmt":"2025-08-14T13:14:16","slug":"about","status":"publish","type":"page","link":"https:\/\/akmensbaltija.lv\/en\/about\/","title":{"rendered":"About"},"content":{"rendered":"<div data-elementor-type=\"wp-page\" data-elementor-id=\"99\" class=\"elementor elementor-99\" data-elementor-post-type=\"page\">\n\t\t\t\t\t\t<section class=\"elementor-section elementor-top-section elementor-element elementor-element-7cb758d elementor-section-height-min-height elementor-section-boxed elementor-section-height-default elementor-section-items-middle\" data-id=\"7cb758d\" data-element_type=\"section\" data-e-type=\"section\" data-settings=\"{&quot;background_background&quot;:&quot;classic&quot;}\">\n\t\t\t\t\t\t\t<div class=\"elementor-background-overlay\"><\/div>\n\t\t\t\t\t\t\t<div class=\"elementor-container elementor-column-gap-default\">\n\t\t\t\t\t<div class=\"elementor-column elementor-col-100 elementor-top-column elementor-element elementor-element-5ab31ff\" data-id=\"5ab31ff\" data-element_type=\"column\" data-e-type=\"column\">\n\t\t\t<div class=\"elementor-widget-wrap elementor-element-populated\">\n\t\t\t\t\t\t<div class=\"elementor-element elementor-element-75d62637 elementor-widget elementor-widget-heading\" data-id=\"75d62637\" data-element_type=\"widget\" data-e-type=\"widget\" data-widget_type=\"heading.default\">\n\t\t\t\t<div class=\"elementor-widget-container\">\n\t\t\t\t\t<h2 class=\"elementor-heading-title elementor-size-default\">About us<\/h2>\t\t\t\t<\/div>\n\t\t\t\t<\/div>\n\t\t\t\t\t<\/div>\n\t\t<\/div>\n\t\t\t\t\t<\/div>\n\t\t<\/section>\n\t\t\t\t<section class=\"elementor-section elementor-top-section elementor-element elementor-element-32df113d elementor-section-boxed elementor-section-height-default elementor-section-height-default\" data-id=\"32df113d\" data-element_type=\"section\" data-e-type=\"section\" data-settings=\"{&quot;background_background&quot;:&quot;classic&quot;}\">\n\t\t\t\t\t\t\t<div class=\"elementor-background-overlay\"><\/div>\n\t\t\t\t\t\t\t<div class=\"elementor-container elementor-column-gap-default\">\n\t\t\t\t\t<div class=\"elementor-column elementor-col-50 elementor-top-column elementor-element elementor-element-8a9a8fa\" data-id=\"8a9a8fa\" data-element_type=\"column\" data-e-type=\"column\">\n\t\t\t<div class=\"elementor-widget-wrap elementor-element-populated\">\n\t\t\t\t\t\t<div class=\"elementor-element elementor-element-c3729e2 elementor-widget elementor-widget-image\" data-id=\"c3729e2\" data-element_type=\"widget\" data-e-type=\"widget\" data-widget_type=\"image.default\">\n\t\t\t\t<div class=\"elementor-widget-container\">\n\t\t\t\t\t\t\t\t\t\t\t\t\t\t\t<img fetchpriority=\"high\" decoding=\"async\" width=\"300\" height=\"300\" src=\"https:\/\/akmensbaltija.lv\/wp-content\/uploads\/2024\/06\/about_us-300x300.png\" class=\"attachment-medium size-medium wp-image-940\" alt=\"\" srcset=\"https:\/\/akmensbaltija.lv\/wp-content\/uploads\/2024\/06\/about_us-300x300.png 300w, https:\/\/akmensbaltija.lv\/wp-content\/uploads\/2024\/06\/about_us-1024x1024.png 1024w, https:\/\/akmensbaltija.lv\/wp-content\/uploads\/2024\/06\/about_us-150x150.png 150w, https:\/\/akmensbaltija.lv\/wp-content\/uploads\/2024\/06\/about_us-768x768.png 768w, https:\/\/akmensbaltija.lv\/wp-content\/uploads\/2024\/06\/about_us-1536x1536.png 1536w, https:\/\/akmensbaltija.lv\/wp-content\/uploads\/2024\/06\/about_us-2048x2048.png 2048w\" sizes=\"(max-width: 300px) 100vw, 300px\" \/>\t\t\t\t\t\t\t\t\t\t\t\t\t\t\t<\/div>\n\t\t\t\t<\/div>\n\t\t\t\t\t<\/div>\n\t\t<\/div>\n\t\t\t\t<div class=\"elementor-column elementor-col-50 elementor-top-column elementor-element elementor-element-40687dfe\" data-id=\"40687dfe\" data-element_type=\"column\" data-e-type=\"column\">\n\t\t\t<div class=\"elementor-widget-wrap elementor-element-populated\">\n\t\t\t\t\t\t<div class=\"elementor-element elementor-element-2cad23ca elementor-widget elementor-widget-heading\" data-id=\"2cad23ca\" data-element_type=\"widget\" data-e-type=\"widget\" data-widget_type=\"heading.default\">\n\t\t\t\t<div class=\"elementor-widget-container\">\n\t\t\t\t\t<h3 class=\"elementor-heading-title elementor-size-default\">Overview<\/h3>\t\t\t\t<\/div>\n\t\t\t\t<\/div>\n\t\t\t\t<div class=\"elementor-element elementor-element-13b07c54 elementor-widget elementor-widget-text-editor\" data-id=\"13b07c54\" data-element_type=\"widget\" data-e-type=\"widget\" data-widget_type=\"text-editor.default\">\n\t\t\t\t<div class=\"elementor-widget-container\">\n\t\t\t\t\t\t\t\t\tAkmens Baltija Ltd. is a company with 18 years of experience in the field of natural stone. Over the years we have built up a reputation as a reliable partner and professional in the supply and processing of natural and artificial stone. Our company carries out cutting, processing and installation of artificial stone and granite-ceramic. We also have extensive experience with ventilated facades and offer certified Spanish ventilated facade systems from Strow.\t\t\t\t\t\t\t\t<\/div>\n\t\t\t\t<\/div>\n\t\t\t\t\t<\/div>\n\t\t<\/div>\n\t\t\t\t\t<\/div>\n\t\t<\/section>\n\t\t\t\t<section class=\"elementor-section elementor-top-section elementor-element elementor-element-15681a5d elementor-reverse-mobile elementor-section-boxed elementor-section-height-default elementor-section-height-default\" data-id=\"15681a5d\" data-element_type=\"section\" data-e-type=\"section\">\n\t\t\t\t\t\t\t<div class=\"elementor-background-overlay\"><\/div>\n\t\t\t\t\t\t\t<div class=\"elementor-container elementor-column-gap-default\">\n\t\t\t\t\t<div class=\"elementor-column elementor-col-50 elementor-top-column elementor-element elementor-element-5c650f6e\" data-id=\"5c650f6e\" data-element_type=\"column\" data-e-type=\"column\">\n\t\t\t<div class=\"elementor-widget-wrap elementor-element-populated\">\n\t\t\t\t\t\t<div class=\"elementor-element elementor-element-555b0e2e elementor-widget elementor-widget-heading\" data-id=\"555b0e2e\" data-element_type=\"widget\" data-e-type=\"widget\" data-widget_type=\"heading.default\">\n\t\t\t\t<div class=\"elementor-widget-container\">\n\t\t\t\t\t<h3 class=\"elementor-heading-title elementor-size-default\">Our services<\/h3>\t\t\t\t<\/div>\n\t\t\t\t<\/div>\n\t\t\t\t<div class=\"elementor-element elementor-element-51249743 elementor-widget elementor-widget-text-editor\" data-id=\"51249743\" data-element_type=\"widget\" data-e-type=\"widget\" data-widget_type=\"text-editor.default\">\n\t\t\t\t<div class=\"elementor-widget-container\">\n\t\t\t\t\t\t\t\t\t<p>Stone processing - our staff carves, polishes and processes stone to create products of any complexity and shape.<\/p><p>\u00a0<\/p><p>Installation - we offer installation services for interior and exterior products including kitchen worktops, building facades, stairs and landscape design elements.<\/p><p>\u00a0<\/p><p>Restoration - we restore and renovate stone products, returning them to their original appearance and durability.<\/p>\t\t\t\t\t\t\t\t<\/div>\n\t\t\t\t<\/div>\n\t\t\t\t\t<\/div>\n\t\t<\/div>\n\t\t\t\t<div class=\"elementor-column elementor-col-50 elementor-top-column elementor-element elementor-element-65c507b1\" data-id=\"65c507b1\" data-element_type=\"column\" data-e-type=\"column\">\n\t\t\t<div class=\"elementor-widget-wrap elementor-element-populated\">\n\t\t\t\t\t\t<div class=\"elementor-element elementor-element-7b5f78d elementor-widget elementor-widget-image\" data-id=\"7b5f78d\" data-element_type=\"widget\" data-e-type=\"widget\" data-widget_type=\"image.default\">\n\t\t\t\t<div class=\"elementor-widget-container\">\n\t\t\t\t\t\t\t\t\t\t\t\t\t\t\t<img decoding=\"async\" width=\"300\" height=\"300\" src=\"https:\/\/akmensbaltija.lv\/wp-content\/uploads\/2024\/06\/akmens-baltija3-300x300.png\" class=\"attachment-medium size-medium wp-image-497\" alt=\"\" srcset=\"https:\/\/akmensbaltija.lv\/wp-content\/uploads\/2024\/06\/akmens-baltija3-300x300.png 300w, https:\/\/akmensbaltija.lv\/wp-content\/uploads\/2024\/06\/akmens-baltija3-150x150.png 150w, https:\/\/akmensbaltija.lv\/wp-content\/uploads\/2024\/06\/akmens-baltija3.png 633w\" sizes=\"(max-width: 300px) 100vw, 300px\" \/>\t\t\t\t\t\t\t\t\t\t\t\t\t\t\t<\/div>\n\t\t\t\t<\/div>\n\t\t\t\t\t<\/div>\n\t\t<\/div>\n\t\t\t\t\t<\/div>\n\t\t<\/section>\n\t\t\t\t<section class=\"elementor-section elementor-top-section elementor-element elementor-element-5bf5fff2 elementor-section-boxed elementor-section-height-default elementor-section-height-default\" data-id=\"5bf5fff2\" data-element_type=\"section\" data-e-type=\"section\" data-settings=\"{&quot;background_background&quot;:&quot;classic&quot;}\">\n\t\t\t\t\t\t\t<div class=\"elementor-background-overlay\"><\/div>\n\t\t\t\t\t\t\t<div class=\"elementor-container elementor-column-gap-default\">\n\t\t\t\t\t<div class=\"elementor-column elementor-col-50 elementor-top-column elementor-element elementor-element-6e9c80e2\" data-id=\"6e9c80e2\" data-element_type=\"column\" data-e-type=\"column\">\n\t\t\t<div class=\"elementor-widget-wrap elementor-element-populated\">\n\t\t\t\t\t\t<div class=\"elementor-element elementor-element-1cb85d4 elementor-widget elementor-widget-image\" data-id=\"1cb85d4\" data-element_type=\"widget\" data-e-type=\"widget\" data-widget_type=\"image.default\">\n\t\t\t\t<div class=\"elementor-widget-container\">\n\t\t\t\t\t\t\t\t\t\t\t\t\t\t\t<img decoding=\"async\" width=\"288\" height=\"288\" src=\"https:\/\/akmensbaltija.lv\/wp-content\/uploads\/2024\/06\/hand-hand.jpeg\" class=\"attachment-medium size-medium wp-image-498\" alt=\"\" srcset=\"https:\/\/akmensbaltija.lv\/wp-content\/uploads\/2024\/06\/hand-hand.jpeg 288w, https:\/\/akmensbaltija.lv\/wp-content\/uploads\/2024\/06\/hand-hand-150x150.jpeg 150w\" sizes=\"(max-width: 288px) 100vw, 288px\" \/>\t\t\t\t\t\t\t\t\t\t\t\t\t\t\t<\/div>\n\t\t\t\t<\/div>\n\t\t\t\t\t<\/div>\n\t\t<\/div>\n\t\t\t\t<div class=\"elementor-column elementor-col-50 elementor-top-column elementor-element elementor-element-3a42fa59\" data-id=\"3a42fa59\" data-element_type=\"column\" data-e-type=\"column\">\n\t\t\t<div class=\"elementor-widget-wrap elementor-element-populated\">\n\t\t\t\t\t\t<div class=\"elementor-element elementor-element-4fc5bbd3 elementor-widget elementor-widget-heading\" data-id=\"4fc5bbd3\" data-element_type=\"widget\" data-e-type=\"widget\" data-widget_type=\"heading.default\">\n\t\t\t\t<div class=\"elementor-widget-container\">\n\t\t\t\t\t<h3 class=\"elementor-heading-title elementor-size-default\">Our advantages<\/h3>\t\t\t\t<\/div>\n\t\t\t\t<\/div>\n\t\t\t\t<div class=\"elementor-element elementor-element-46d3cae8 elementor-widget elementor-widget-text-editor\" data-id=\"46d3cae8\" data-element_type=\"widget\" data-e-type=\"widget\" data-widget_type=\"text-editor.default\">\n\t\t\t\t<div class=\"elementor-widget-container\">\n\t\t\t\t\t\t\t\t\t<p>Experience and professionalism - our team is made up of qualified professionals with years of experience in the industry.<\/p><p>\u00a0<\/p><p>Individual approach - we take into account all our clients' needs and offer solutions that best meet their needs and requirements.<\/p><p>\u00a0<\/p><p>State-of-the-art equipment - our production base is equipped with the latest stone processing tools and equipment.<\/p><p>\u00a0<\/p><p>Eco-friendly - we only work with eco-friendly and natural materials, ensuring that our products are safe for health and the environment.<\/p>\t\t\t\t\t\t\t\t<\/div>\n\t\t\t\t<\/div>\n\t\t\t\t\t<\/div>\n\t\t<\/div>\n\t\t\t\t\t<\/div>\n\t\t<\/section>\n\t\t\t\t<section class=\"elementor-section elementor-top-section elementor-element elementor-element-ed7938b elementor-reverse-mobile elementor-section-boxed elementor-section-height-default elementor-section-height-default\" data-id=\"ed7938b\" data-element_type=\"section\" data-e-type=\"section\">\n\t\t\t\t\t\t\t<div class=\"elementor-background-overlay\"><\/div>\n\t\t\t\t\t\t\t<div class=\"elementor-container elementor-column-gap-default\">\n\t\t\t\t\t<div class=\"elementor-column elementor-col-50 elementor-top-column elementor-element elementor-element-d5539a5\" data-id=\"d5539a5\" data-element_type=\"column\" data-e-type=\"column\">\n\t\t\t<div class=\"elementor-widget-wrap elementor-element-populated\">\n\t\t\t\t\t\t<div class=\"elementor-element elementor-element-4821cde elementor-widget elementor-widget-heading\" data-id=\"4821cde\" data-element_type=\"widget\" data-e-type=\"widget\" data-widget_type=\"heading.default\">\n\t\t\t\t<div class=\"elementor-widget-container\">\n\t\t\t\t\t<h3 class=\"elementor-heading-title elementor-size-default\">Our projects<\/h3>\t\t\t\t<\/div>\n\t\t\t\t<\/div>\n\t\t\t\t<div class=\"elementor-element elementor-element-9d83e60 elementor-widget elementor-widget-text-editor\" data-id=\"9d83e60\" data-element_type=\"widget\" data-e-type=\"widget\" data-widget_type=\"text-editor.default\">\n\t\t\t\t<div class=\"elementor-widget-container\">\n\t\t\t\t\t\t\t\t\tOver the years, we have completed many successful projects in Latvia, Estonia, Germany and Sweden, working with individuals, designers and construction companies. Our products decorate the interiors of homes, offices, hotels and public buildings.\t\t\t\t\t\t\t\t<\/div>\n\t\t\t\t<\/div>\n\t\t\t\t\t<\/div>\n\t\t<\/div>\n\t\t\t\t<div class=\"elementor-column elementor-col-50 elementor-top-column elementor-element elementor-element-9abb8e9\" data-id=\"9abb8e9\" data-element_type=\"column\" data-e-type=\"column\">\n\t\t\t<div class=\"elementor-widget-wrap elementor-element-populated\">\n\t\t\t\t\t\t<div class=\"elementor-element elementor-element-d436865 elementor-widget elementor-widget-image\" data-id=\"d436865\" data-element_type=\"widget\" data-e-type=\"widget\" data-widget_type=\"image.default\">\n\t\t\t\t<div class=\"elementor-widget-container\">\n\t\t\t\t\t\t\t\t\t\t\t\t\t\t\t<img loading=\"lazy\" decoding=\"async\" width=\"300\" height=\"300\" src=\"https:\/\/akmensbaltija.lv\/wp-content\/uploads\/2024\/06\/abolut_us_4-300x300.png\" class=\"attachment-medium size-medium wp-image-945\" alt=\"\" srcset=\"https:\/\/akmensbaltija.lv\/wp-content\/uploads\/2024\/06\/abolut_us_4-300x300.png 300w, https:\/\/akmensbaltija.lv\/wp-content\/uploads\/2024\/06\/abolut_us_4-1024x1024.png 1024w, https:\/\/akmensbaltija.lv\/wp-content\/uploads\/2024\/06\/abolut_us_4-150x150.png 150w, https:\/\/akmensbaltija.lv\/wp-content\/uploads\/2024\/06\/abolut_us_4-768x768.png 768w, https:\/\/akmensbaltija.lv\/wp-content\/uploads\/2024\/06\/abolut_us_4-1536x1536.png 1536w, https:\/\/akmensbaltija.lv\/wp-content\/uploads\/2024\/06\/abolut_us_4-2048x2048.png 2048w\" sizes=\"(max-width: 300px) 100vw, 300px\" \/>\t\t\t\t\t\t\t\t\t\t\t\t\t\t\t<\/div>\n\t\t\t\t<\/div>\n\t\t\t\t\t<\/div>\n\t\t<\/div>\n\t\t\t\t\t<\/div>\n\t\t<\/section>\n\t\t\t\t<\/div>","protected":false},"excerpt":{"rendered":"<p>Par mums P\u0101rskats SIA \u201cAkmens Baltija\u201d ir uz\u0146\u0113mums ar 18 gadu pieredzi dab\u012bg\u0101 akmens jom\u0101. Gadu gait\u0101 esam izveidoju\u0161i reput\u0101ciju k\u0101 uzticams partneris un profesion\u0101lis dab\u012bg\u0101 un m\u0101ksl\u012bg\u0101 akmens pieg\u0101d\u0113 un apstr\u0101d\u0113. M\u016bsu uz\u0146\u0113mums veic m\u0101ksl\u012bg\u0101 akmens un gran\u012bta-keramikas z\u0101\u0123\u0113\u0161anu, apstr\u0101di un uzst\u0101d\u012b\u0161anu. T\u0101pat mums ir liela pieredze darb\u0101 ar ventil\u0113jam\u0101m fas\u0101d\u0113m, un pied\u0101v\u0101jam sertific\u0113tas [&hellip;]<\/p>\n","protected":false},"author":1,"featured_media":0,"parent":0,"menu_order":0,"comment_status":"closed","ping_status":"closed","template":"","meta":{"footnotes":""},"folder":[],"class_list":["post-99","page","type-page","status-publish","hentry"],"_links":{"self":[{"href":"https:\/\/akmensbaltija.lv\/en\/wp-json\/wp\/v2\/pages\/99","targetHints":{"allow":["GET"]}}],"collection":[{"href":"https:\/\/akmensbaltija.lv\/en\/wp-json\/wp\/v2\/pages"}],"about":[{"href":"https:\/\/akmensbaltija.lv\/en\/wp-json\/wp\/v2\/types\/page"}],"author":[{"embeddable":true,"href":"https:\/\/akmensbaltija.lv\/en\/wp-json\/wp\/v2\/users\/1"}],"replies":[{"embeddable":true,"href":"https:\/\/akmensbaltija.lv\/en\/wp-json\/wp\/v2\/comments?post=99"}],"version-history":[{"count":51,"href":"https:\/\/akmensbaltija.lv\/en\/wp-json\/wp\/v2\/pages\/99\/revisions"}],"predecessor-version":[{"id":1754,"href":"https:\/\/akmensbaltija.lv\/en\/wp-json\/wp\/v2\/pages\/99\/revisions\/1754"}],"wp:attachment":[{"href":"https:\/\/akmensbaltija.lv\/en\/wp-json\/wp\/v2\/media?parent=99"}],"wp:term":[{"taxonomy":"folder","embeddable":true,"href":"https:\/\/akmensbaltija.lv\/en\/wp-json\/wp\/v2\/folder?post=99"}],"curies":[{"name":"wp","href":"https:\/\/api.w.org\/{rel}","templated":true}]}}